{"id":3480,"date":"2020-08-03T17:54:35","date_gmt":"2020-08-03T17:54:35","guid":{"rendered":"https:\/\/www.malhinter.com\/producao-servicos\/"},"modified":"2020-08-07T13:31:24","modified_gmt":"2020-08-07T13:31:24","slug":"producao-servicos","status":"publish","type":"page","link":"https:\/\/malhinter.com\/pt-pt\/producao-servicos\/","title":{"rendered":"produ\u00e7\u00e3o \/ servi\u00e7os"},"content":{"rendered":"<div class=\"wpb-content-wrapper\"><p>[vc_row full_width=&#8221;stretch_row&#8221; css=&#8221;.vc_custom_1594396775408{background-position: center !important;background-repeat: no-repeat !important;background-size: cover !important;}&#8221; mobile_bg_img_hidden=&#8221;no&#8221; tablet_bg_img_hidden=&#8221;no&#8221; woodmart_parallax=&#8221;0&#8243; woodmart_gradient_switch=&#8221;no&#8221; row_reverse_mobile=&#8221;0&#8243; row_reverse_tablet=&#8221;0&#8243; woodmart_disable_overflow=&#8221;0&#8243;][vc_column][vc_empty_space height=&#8221;50px&#8221; woodmart_hide_large=&#8221;0&#8243; woodmart_hide_medium=&#8221;0&#8243; woodmart_hide_small=&#8221;0&#8243; woodmart_hide_extra_small=&#8221;0&#8243;][\/vc_column][\/vc_row][vc_row][vc_column width=&#8221;1\/3&#8243;]\t\t\t<link rel=\"stylesheet\" id=\"wd-responsive-text-css\" href=\"https:\/\/malhinter.com\/wp-content\/themes\/woodmart\/css\/parts\/el-responsive-text.min.css?ver=7.4.3\" type=\"text\/css\" media=\"all\" \/> \t\t\t\t\t\t<div id=\"wd-5f205800453c6\" class=\"wd-text-block-wrapper wd-wpb wd-rs-5f205800453c6 color-scheme-light text-center vc_custom_1595955219712\">\n\t\t\t\t<div class=\"woodmart-title-container woodmart-text-block reset-last-child font-primary wd-font-weight- \">\n\t\t\t\t\t<\/p>\n<h3 style=\"text-align: left;\"><span style=\"color: #523573;\">O Que Fornecemos<\/span><\/h3>\n<p>\t\t\t\t<\/div>\n\n\t\t\t\t\t\t\t<\/div>\n\t\t[\/vc_column][vc_column width=&#8221;1\/3&#8243;][vc_column_text el_class=&#8221;text-larger&#8221; css=&#8221;.vc_custom_1596807070477{margin-bottom: 20px !important;}&#8221; text_larger=&#8221;no&#8221;]Na Malhinter, procuramos desenvolver as nossas atividades para atender \u00e0s necessidades do mercado. Para isso, operamos de uma maneira muito vers\u00e1til e abrangente, acompanhando as tend\u00eancias e posicionando os nossos produtos e servi\u00e7os na parte alta deste setor.<\/p>\n<p>Selecionamos os melhores materiais t\u00eaxteis, bem como os melhores equipamentos t\u00e9cnicos para a elabora\u00e7\u00e3o dos nossos produtos e servi\u00e7os.[\/vc_column_text][\/vc_column][vc_column width=&#8221;1\/3&#8243;][vc_column_text el_class=&#8221;text-larger&#8221; css=&#8221;.vc_custom_1595955139807{margin-bottom: 20px !important;}&#8221; text_larger=&#8221;no&#8221;]Desde o design at\u00e9 a conclus\u00e3o do vestu\u00e1rio, ajustamo-nos a todas as necessidades e tend\u00eancias dos nossos clientes.<\/p>\n<p>Desta forma, garantimos produtos de excelente qualidade.[\/vc_column_text][\/vc_column][\/vc_row][vc_row full_width=&#8221;stretch_row&#8221; css=&#8221;.vc_custom_1594396775408{background-position: center !important;background-repeat: no-repeat !important;background-size: cover !important;}&#8221; mobile_bg_img_hidden=&#8221;no&#8221; tablet_bg_img_hidden=&#8221;no&#8221; woodmart_parallax=&#8221;0&#8243; woodmart_gradient_switch=&#8221;no&#8221; row_reverse_mobile=&#8221;0&#8243; row_reverse_tablet=&#8221;0&#8243; woodmart_disable_overflow=&#8221;0&#8243;][vc_column][vc_empty_space height=&#8221;50px&#8221; woodmart_hide_large=&#8221;0&#8243; woodmart_hide_medium=&#8221;0&#8243; woodmart_hide_small=&#8221;0&#8243; woodmart_hide_extra_small=&#8221;0&#8243;][\/vc_column][\/vc_row][vc_row full_width=&#8221;stretch_row&#8221; css=&#8221;.vc_custom_1594734321355{margin-bottom: 0px !important;background-image: url(https:\/\/malhinter.com\/wp-content\/uploads\/2020\/07\/separador_cor.jpg?id=3013) !important;background-position: center !important;background-repeat: no-repeat !important;background-size: cover !important;}&#8221; mobile_bg_img_hidden=&#8221;no&#8221; tablet_bg_img_hidden=&#8221;no&#8221; woodmart_parallax=&#8221;0&#8243; woodmart_gradient_switch=&#8221;no&#8221; row_reverse_mobile=&#8221;0&#8243; row_reverse_tablet=&#8221;0&#8243; woodmart_disable_overflow=&#8221;0&#8243;][vc_column][vc_empty_space height=&#8221;200px&#8221; woodmart_hide_large=&#8221;0&#8243; woodmart_hide_medium=&#8221;0&#8243; woodmart_hide_small=&#8221;0&#8243; woodmart_hide_extra_small=&#8221;0&#8243;][\/vc_column][\/vc_row][vc_row full_width=&#8221;stretch_row_content&#8221; equal_height=&#8221;yes&#8221; content_placement=&#8221;middle&#8221; mobile_bg_img_hidden=&#8221;no&#8221; tablet_bg_img_hidden=&#8221;no&#8221; woodmart_parallax=&#8221;0&#8243; woodmart_gradient_switch=&#8221;no&#8221; row_reverse_mobile=&#8221;0&#8243; row_reverse_tablet=&#8221;0&#8243; woodmart_disable_overflow=&#8221;0&#8243;][vc_column width=&#8221;1\/2&#8243;][vc_single_image image=&#8221;3503&#8243; alignment=&#8221;center&#8221; parallax_scroll=&#8221;no&#8221;]\t\t\t<div id=\"wd-5f21912e9bb78\" class=\"wd-text-block-wrapper wd-wpb wd-rs-5f21912e9bb78 color-scheme-light text-center vc_custom_1596035377434\">\n\t\t\t\t<div class=\"woodmart-title-container woodmart-text-block reset-last-child font-primary wd-font-weight- \">\n\t\t\t\t\t<\/p>\n<h5 style=\"text-align: center;\"><span style=\"color: #523573;\">Pesquisa e Fornecimento de Tecido<\/span><\/h5>\n<p>\t\t\t\t<\/div>\n\n\t\t\t\t\t\t\t<\/div>\n\t\t\t\t\t<div id=\"wd-5f219128d0173\" class=\"wd-text-block-wrapper wd-wpb wd-rs-5f219128d0173 color-scheme-light text-center vc_custom_1596035371746\">\n\t\t\t\t<div class=\"woodmart-title-container woodmart-text-block reset-last-child font-primary wd-font-weight- \">\n\t\t\t\t\t<\/p>\n<h5 style=\"text-align: center;\"><span style=\"color: #523573;\">Design<\/span><\/h5>\n<p>\t\t\t\t<\/div>\n\n\t\t\t\t\t\t\t<\/div>\n\t\t\t\t\t<div id=\"wd-5f2191d17449e\" class=\"wd-text-block-wrapper wd-wpb wd-rs-5f2191d17449e color-scheme-light text-center vc_custom_1596035546582\">\n\t\t\t\t<div class=\"woodmart-title-container woodmart-text-block reset-last-child font-primary wd-font-weight- \">\n\t\t\t\t\t<\/p>\n<h5 style=\"text-align: center;\"><span style=\"color: #523573;\">Desenvolvimento do Produto<\/span><\/h5>\n<p>\t\t\t\t<\/div>\n\n\t\t\t\t\t\t\t<\/div>\n\t\t[\/vc_column][vc_column width=&#8221;1\/2&#8243; css=&#8221;.vc_custom_1596211180134{padding-top: 300px !important;padding-bottom: 300px !important;background-image: url(https:\/\/malhinter.com\/wp-content\/uploads\/2020\/07\/DSC_3451.jpg?id=3050) !important;background-position: center !important;background-repeat: no-repeat !important;background-size: cover !important;}&#8221; mobile_bg_img_hidden=&#8221;no&#8221; tablet_bg_img_hidden=&#8221;no&#8221; woodmart_parallax=&#8221;0&#8243; woodmart_sticky_column=&#8221;false&#8221; parallax_scroll=&#8221;no&#8221; mobile_reset_margin=&#8221;no&#8221; tablet_reset_margin=&#8221;no&#8221;][\/vc_column][\/vc_row][vc_row full_width=&#8221;stretch_row_content&#8221; equal_height=&#8221;yes&#8221; content_placement=&#8221;middle&#8221; mobile_bg_img_hidden=&#8221;no&#8221; tablet_bg_img_hidden=&#8221;no&#8221; woodmart_parallax=&#8221;0&#8243; woodmart_gradient_switch=&#8221;no&#8221; row_reverse_mobile=&#8221;0&#8243; row_reverse_tablet=&#8221;0&#8243; woodmart_disable_overflow=&#8221;0&#8243;][vc_column width=&#8221;1\/2&#8243; css=&#8221;.vc_custom_1596212706297{padding-top: 300px !important;padding-bottom: 300px !important;background-image: url(https:\/\/malhinter.com\/wp-content\/uploads\/2020\/07\/DSC_3391-1.jpg?id=3047) !important;background-position: center !important;background-repeat: no-repeat !important;background-size: cover !important;}&#8221; mobile_bg_img_hidden=&#8221;no&#8221; tablet_bg_img_hidden=&#8221;no&#8221; woodmart_parallax=&#8221;0&#8243; woodmart_sticky_column=&#8221;false&#8221; parallax_scroll=&#8221;no&#8221; mobile_reset_margin=&#8221;no&#8221; tablet_reset_margin=&#8221;no&#8221;][\/vc_column][vc_column width=&#8221;1\/2&#8243; css=&#8221;.vc_custom_1596212237784{background-position: center !important;background-repeat: no-repeat !important;background-size: cover !important;}&#8221; mobile_bg_img_hidden=&#8221;no&#8221; tablet_bg_img_hidden=&#8221;no&#8221; woodmart_parallax=&#8221;0&#8243; woodmart_sticky_column=&#8221;false&#8221; parallax_scroll=&#8221;no&#8221; mobile_reset_margin=&#8221;no&#8221; tablet_reset_margin=&#8221;no&#8221;][vc_single_image image=&#8221;3499&#8243; alignment=&#8221;center&#8221; parallax_scroll=&#8221;no&#8221;]\t\t\t<div id=\"wd-5f2192c754d3f\" class=\"wd-text-block-wrapper wd-wpb wd-rs-5f2192c754d3f color-scheme-light text-center vc_custom_1596035793216\">\n\t\t\t\t<div class=\"woodmart-title-container woodmart-text-block reset-last-child font-primary wd-font-weight- \">\n\t\t\t\t\t<\/p>\n<h5 style=\"text-align: center;\"><span style=\"color: #523573;\">Coordena\u00e7\u00e3o da Amostra<\/span><\/h5>\n<p>\t\t\t\t<\/div>\n\n\t\t\t\t\t\t\t<\/div>\n\t\t\t\t\t<div id=\"wd-5f21930e8405a\" class=\"wd-text-block-wrapper wd-wpb wd-rs-5f21930e8405a color-scheme-light text-center vc_custom_1596035875272\">\n\t\t\t\t<div class=\"woodmart-title-container woodmart-text-block reset-last-child font-primary wd-font-weight- \">\n\t\t\t\t\t<\/p>\n<h5 style=\"text-align: center;\"><span style=\"color: #523573;\">Assist\u00eancia T\u00e9cnica da Amostra<\/span><\/h5>\n<p>\t\t\t\t<\/div>\n\n\t\t\t\t\t\t\t<\/div>\n\t\t\t\t\t<div id=\"wd-5f21935d6618b\" class=\"wd-text-block-wrapper wd-wpb wd-rs-5f21935d6618b color-scheme-light text-center vc_custom_1596035944575\">\n\t\t\t\t<div class=\"woodmart-title-container woodmart-text-block reset-last-child font-primary wd-font-weight- \">\n\t\t\t\t\t<\/p>\n<h5 style=\"text-align: center;\"><span style=\"color: #523573;\">Padroniza\u00e7\u00e3o<\/span><\/h5>\n<p>\t\t\t\t<\/div>\n\n\t\t\t\t\t\t\t<\/div>\n\t\t[\/vc_column][\/vc_row][vc_row full_width=&#8221;stretch_row_content&#8221; equal_height=&#8221;yes&#8221; content_placement=&#8221;middle&#8221; mobile_bg_img_hidden=&#8221;no&#8221; tablet_bg_img_hidden=&#8221;no&#8221; woodmart_parallax=&#8221;0&#8243; woodmart_gradient_switch=&#8221;no&#8221; row_reverse_mobile=&#8221;0&#8243; row_reverse_tablet=&#8221;0&#8243; woodmart_disable_overflow=&#8221;0&#8243;][vc_column width=&#8221;1\/2&#8243;][vc_single_image image=&#8221;3489&#8243; alignment=&#8221;center&#8221; parallax_scroll=&#8221;no&#8221;]\t\t\t<div id=\"wd-5f244511a35f7\" class=\"wd-text-block-wrapper wd-wpb wd-rs-5f244511a35f7 color-scheme-light text-center vc_custom_1596212554782\">\n\t\t\t\t<div class=\"woodmart-title-container woodmart-text-block reset-last-child font-primary wd-font-weight- \">\n\t\t\t\t\t<\/p>\n<h5 style=\"text-align: center;\"><span style=\"color: #523573;\">Realiza\u00e7\u00e3o de Prot\u00f3tipos<\/span><\/h5>\n<p>\t\t\t\t<\/div>\n\n\t\t\t\t\t\t\t<\/div>\n\t\t\t\t\t<div id=\"wd-5f24454f9b756\" class=\"wd-text-block-wrapper wd-wpb wd-rs-5f24454f9b756 color-scheme-light text-center vc_custom_1596212571547\">\n\t\t\t\t<div class=\"woodmart-title-container woodmart-text-block reset-last-child font-primary wd-font-weight- \">\n\t\t\t\t\t<\/p>\n<h5 style=\"text-align: center;\"><span style=\"color: #523573;\">Realiza\u00e7\u00e3o da Amostra<\/span><\/h5>\n<p>\t\t\t\t<\/div>\n\n\t\t\t\t\t\t\t<\/div>\n\t\t\t\t\t<div id=\"wd-5f24455fc5e5d\" class=\"wd-text-block-wrapper wd-wpb wd-rs-5f24455fc5e5d color-scheme-light text-center vc_custom_1596212589653\">\n\t\t\t\t<div class=\"woodmart-title-container woodmart-text-block reset-last-child font-primary wd-font-weight- \">\n\t\t\t\t\t<\/p>\n<h5 style=\"text-align: center;\"><span style=\"color: #523573;\">Produ\u00e7\u00e3o (Corte &amp; Costura)<\/span><\/h5>\n<p>\t\t\t\t<\/div>\n\n\t\t\t\t\t\t\t<\/div>\n\t\t[\/vc_column][vc_column width=&#8221;1\/2&#8243; css=&#8221;.vc_custom_1596212692089{padding-top: 300px !important;padding-bottom: 300px !important;background-image: url(https:\/\/malhinter.com\/wp-content\/uploads\/2020\/07\/DSC_3483-1.jpg?id=3052) !important;background-position: center !important;background-repeat: no-repeat !important;background-size: cover !important;}&#8221; mobile_bg_img_hidden=&#8221;no&#8221; tablet_bg_img_hidden=&#8221;no&#8221; woodmart_parallax=&#8221;0&#8243; woodmart_sticky_column=&#8221;false&#8221; parallax_scroll=&#8221;no&#8221; mobile_reset_margin=&#8221;no&#8221; tablet_reset_margin=&#8221;no&#8221;][\/vc_column][\/vc_row][vc_row full_width=&#8221;stretch_row_content&#8221; equal_height=&#8221;yes&#8221; content_placement=&#8221;middle&#8221; mobile_bg_img_hidden=&#8221;no&#8221; tablet_bg_img_hidden=&#8221;no&#8221; woodmart_parallax=&#8221;0&#8243; woodmart_gradient_switch=&#8221;no&#8221; row_reverse_mobile=&#8221;0&#8243; row_reverse_tablet=&#8221;0&#8243; woodmart_disable_overflow=&#8221;0&#8243;][vc_column width=&#8221;1\/2&#8243; css=&#8221;.vc_custom_1596212678281{padding-top: 300px !important;padding-bottom: 300px !important;background-image: url(https:\/\/malhinter.com\/wp-content\/uploads\/2020\/07\/DSC_3285-2.jpg?id=3040) !important;background-position: center !important;background-repeat: no-repeat !important;background-size: cover !important;}&#8221; mobile_bg_img_hidden=&#8221;no&#8221; tablet_bg_img_hidden=&#8221;no&#8221; woodmart_parallax=&#8221;0&#8243; woodmart_sticky_column=&#8221;false&#8221; parallax_scroll=&#8221;no&#8221; mobile_reset_margin=&#8221;no&#8221; tablet_reset_margin=&#8221;no&#8221;][\/vc_column][vc_column width=&#8221;1\/2&#8243; css=&#8221;.vc_custom_1596212237784{background-position: center !important;background-repeat: no-repeat !important;background-size: cover !important;}&#8221; mobile_bg_img_hidden=&#8221;no&#8221; tablet_bg_img_hidden=&#8221;no&#8221; woodmart_parallax=&#8221;0&#8243; woodmart_sticky_column=&#8221;false&#8221; parallax_scroll=&#8221;no&#8221; mobile_reset_margin=&#8221;no&#8221; tablet_reset_margin=&#8221;no&#8221;][vc_single_image image=&#8221;3483&#8243; alignment=&#8221;center&#8221; parallax_scroll=&#8221;no&#8221;]\t\t\t<div id=\"wd-5f244592e1e02\" class=\"wd-text-block-wrapper wd-wpb wd-rs-5f244592e1e02 color-scheme-light text-center vc_custom_1596212634928\">\n\t\t\t\t<div class=\"woodmart-title-container woodmart-text-block reset-last-child font-primary wd-font-weight- \">\n\t\t\t\t\t<\/p>\n<h5 style=\"text-align: center;\"><span style=\"color: #523573;\">Controlo de Qualidade<\/span><\/h5>\n<p>\t\t\t\t<\/div>\n\n\t\t\t\t\t\t\t<\/div>\n\t\t\t\t\t<div id=\"wd-5f24459fc5aa9\" class=\"wd-text-block-wrapper wd-wpb wd-rs-5f24459fc5aa9 color-scheme-light text-center vc_custom_1596212645133\">\n\t\t\t\t<div class=\"woodmart-title-container woodmart-text-block reset-last-child font-primary wd-font-weight- \">\n\t\t\t\t\t<\/p>\n<h5 style=\"text-align: center;\"><span style=\"color: #523573;\">Log\u00edstica<\/span><\/h5>\n<p>\t\t\t\t<\/div>\n\n\t\t\t\t\t\t\t<\/div>\n\t\t[\/vc_column][\/vc_row][vc_row full_width=&#8221;stretch_row&#8221; css=&#8221;.vc_custom_1594650325515{margin-bottom: -50px !important;background-color: #4d2d75 !important;}&#8221; mobile_bg_img_hidden=&#8221;no&#8221; tablet_bg_img_hidden=&#8221;no&#8221; woodmart_parallax=&#8221;0&#8243; woodmart_gradient_switch=&#8221;no&#8221; row_reverse_mobile=&#8221;0&#8243; row_reverse_tablet=&#8221;0&#8243; woodmart_disable_overflow=&#8221;0&#8243;][vc_column][vc_row_inner][vc_column_inner][vc_empty_space height=&#8221;50px&#8221; woodmart_hide_large=&#8221;0&#8243; woodmart_hide_medium=&#8221;0&#8243; woodmart_hide_small=&#8221;0&#8243; woodmart_hide_extra_small=&#8221;0&#8243;][\/vc_column_inner][\/vc_row_inner][vc_row_inner][vc_column_inner width=&#8221;1\/2&#8243;]\t\t\t<div id=\"wd-5f086f00640b9\" class=\"wd-text-block-wrapper wd-wpb wd-rs-5f086f00640b9 color-scheme-light text-center vc_custom_1594388233925\">\n\t\t\t\t<div class=\"woodmart-title-container woodmart-text-block reset-last-child font-primary wd-font-weight- \">\n\t\t\t\t\t<\/p>\n<h3 style=\"text-align: left;\"><span style=\"color: #ffffff;\">clothes for the world<\/span><\/h3>\n<p>\t\t\t\t<\/div>\n\n\t\t\t\t\t\t\t<\/div>\n\t\t[\/vc_column_inner][vc_column_inner width=&#8221;1\/2&#8243;]<div id=\"wd-5f2990fa4fa87\" class=\" wd-rs-5f2990fa4fa87  wd-button-wrapper text-center\"><a href=\"https:\/\/malhinter.com\/contactos\/?lang=pt-pt\" title=\"\" class=\"btn btn-color-white btn-style-bordered btn-style-rectangle btn-size-default\">CONTACTE-NOS<\/a><\/div>[\/vc_column_inner][\/vc_row_inner][vc_row_inner][vc_column_inner][vc_empty_space height=&#8221;50px&#8221; woodmart_hide_large=&#8221;0&#8243; woodmart_hide_medium=&#8221;0&#8243; woodmart_hide_small=&#8221;0&#8243; woodmart_hide_extra_small=&#8221;0&#8243;][\/vc_column_inner][\/vc_row_inner][\/vc_column][\/vc_row]<\/p>\n<\/div>","protected":false},"excerpt":{"rendered":"<p>[vc_row full_width=&#8221;stretch_row&#8221; css=&#8221;.vc_custom_1594396775408{background-position: center !important;background-repeat: no-repeat !important;background-size: cover !important;}&#8221; mobile_bg_img_hidden=&#8221;no&#8221; tablet_bg_img_hidden=&#8221;no&#8221; woodmart_parallax=&#8221;0&#8243; woodmart_gradient_switch=&#8221;no&#8221; row_reverse_mobile=&#8221;0&#8243; row_reverse_tablet=&#8221;0&#8243; woodmart_disable_overflow=&#8221;0&#8243;][vc_column][vc_empty_space height=&#8221;50px&#8221; woodmart_hide_large=&#8221;0&#8243; woodmart_hide_medium=&#8221;0&#8243; woodmart_hide_small=&#8221;0&#8243;<\/p>\n","protected":false},"author":1,"featured_media":0,"parent":0,"menu_order":0,"comment_status":"closed","ping_status":"closed","template":"","meta":{"footnotes":""},"yoast_head":"<!-- This site is optimized with the Yoast SEO plugin v22.0 - https:\/\/yoast.com\/wordpress\/plugins\/seo\/ -->\n<title>produ\u00e7\u00e3o \/ servi\u00e7os - Malhinter<\/title>\n<meta name=\"robots\" content=\"index, follow, max-snippet:-1, max-image-preview:large, max-video-preview:-1\" \/>\n<link rel=\"canonical\" href=\"https:\/\/malhinter.com\/pt-pt\/producao-servicos\/\" \/>\n<meta property=\"og:locale\" content=\"pt_PT\" \/>\n<meta property=\"og:type\" content=\"article\" \/>\n<meta property=\"og:title\" content=\"produ\u00e7\u00e3o \/ servi\u00e7os - Malhinter\" \/>\n<meta property=\"og:description\" content=\"[vc_row full_width=&#8221;stretch_row&#8221; css=&#8221;.vc_custom_1594396775408{background-position: center !important;background-repeat: no-repeat !important;background-size: cover !important;}&#8221; mobile_bg_img_hidden=&#8221;no&#8221; tablet_bg_img_hidden=&#8221;no&#8221; woodmart_parallax=&#8221;0&#8243; woodmart_gradient_switch=&#8221;no&#8221; row_reverse_mobile=&#8221;0&#8243; row_reverse_tablet=&#8221;0&#8243; woodmart_disable_overflow=&#8221;0&#8243;][vc_column][vc_empty_space height=&#8221;50px&#8221; woodmart_hide_large=&#8221;0&#8243; woodmart_hide_medium=&#8221;0&#8243; woodmart_hide_small=&#8221;0&#8243;\" \/>\n<meta property=\"og:url\" content=\"https:\/\/malhinter.com\/pt-pt\/producao-servicos\/\" \/>\n<meta property=\"og:site_name\" content=\"Malhinter\" \/>\n<meta property=\"article:modified_time\" content=\"2020-08-07T13:31:24+00:00\" \/>\n<meta name=\"twitter:card\" content=\"summary_large_image\" \/>\n<meta name=\"twitter:label1\" content=\"Tempo estimado de leitura\" \/>\n\t<meta name=\"twitter:data1\" content=\"10 minutos\" \/>\n<script type=\"application\/ld+json\" class=\"yoast-schema-graph\">{\"@context\":\"https:\/\/schema.org\",\"@graph\":[{\"@type\":\"WebPage\",\"@id\":\"https:\/\/malhinter.com\/pt-pt\/producao-servicos\/\",\"url\":\"https:\/\/malhinter.com\/pt-pt\/producao-servicos\/\",\"name\":\"produ\u00e7\u00e3o \/ servi\u00e7os - Malhinter\",\"isPartOf\":{\"@id\":\"https:\/\/malhinter.com\/pt-pt\/#website\"},\"datePublished\":\"2020-08-03T17:54:35+00:00\",\"dateModified\":\"2020-08-07T13:31:24+00:00\",\"breadcrumb\":{\"@id\":\"https:\/\/malhinter.com\/pt-pt\/producao-servicos\/#breadcrumb\"},\"inLanguage\":\"pt-PT\",\"potentialAction\":[{\"@type\":\"ReadAction\",\"target\":[\"https:\/\/malhinter.com\/pt-pt\/producao-servicos\/\"]}]},{\"@type\":\"BreadcrumbList\",\"@id\":\"https:\/\/malhinter.com\/pt-pt\/producao-servicos\/#breadcrumb\",\"itemListElement\":[{\"@type\":\"ListItem\",\"position\":1,\"name\":\"Home\",\"item\":\"https:\/\/malhinter.com\/pt-pt\/\"},{\"@type\":\"ListItem\",\"position\":2,\"name\":\"produ\u00e7\u00e3o \/ servi\u00e7os\"}]},{\"@type\":\"WebSite\",\"@id\":\"https:\/\/malhinter.com\/pt-pt\/#website\",\"url\":\"https:\/\/malhinter.com\/pt-pt\/\",\"name\":\"Malhinter\",\"description\":\"Clothes for the World\",\"potentialAction\":[{\"@type\":\"SearchAction\",\"target\":{\"@type\":\"EntryPoint\",\"urlTemplate\":\"https:\/\/malhinter.com\/pt-pt\/?s={search_term_string}\"},\"query-input\":\"required name=search_term_string\"}],\"inLanguage\":\"pt-PT\"}]}<\/script>\n<!-- \/ Yoast SEO plugin. -->","yoast_head_json":{"title":"produ\u00e7\u00e3o \/ servi\u00e7os - Malhinter","robots":{"index":"index","follow":"follow","max-snippet":"max-snippet:-1","max-image-preview":"max-image-preview:large","max-video-preview":"max-video-preview:-1"},"canonical":"https:\/\/malhinter.com\/pt-pt\/producao-servicos\/","og_locale":"pt_PT","og_type":"article","og_title":"produ\u00e7\u00e3o \/ servi\u00e7os - Malhinter","og_description":"[vc_row full_width=&#8221;stretch_row&#8221; css=&#8221;.vc_custom_1594396775408{background-position: center !important;background-repeat: no-repeat !important;background-size: cover !important;}&#8221; mobile_bg_img_hidden=&#8221;no&#8221; tablet_bg_img_hidden=&#8221;no&#8221; woodmart_parallax=&#8221;0&#8243; woodmart_gradient_switch=&#8221;no&#8221; row_reverse_mobile=&#8221;0&#8243; row_reverse_tablet=&#8221;0&#8243; woodmart_disable_overflow=&#8221;0&#8243;][vc_column][vc_empty_space height=&#8221;50px&#8221; woodmart_hide_large=&#8221;0&#8243; woodmart_hide_medium=&#8221;0&#8243; woodmart_hide_small=&#8221;0&#8243;","og_url":"https:\/\/malhinter.com\/pt-pt\/producao-servicos\/","og_site_name":"Malhinter","article_modified_time":"2020-08-07T13:31:24+00:00","twitter_card":"summary_large_image","twitter_misc":{"Tempo estimado de leitura":"10 minutos"},"schema":{"@context":"https:\/\/schema.org","@graph":[{"@type":"WebPage","@id":"https:\/\/malhinter.com\/pt-pt\/producao-servicos\/","url":"https:\/\/malhinter.com\/pt-pt\/producao-servicos\/","name":"produ\u00e7\u00e3o \/ servi\u00e7os - Malhinter","isPartOf":{"@id":"https:\/\/malhinter.com\/pt-pt\/#website"},"datePublished":"2020-08-03T17:54:35+00:00","dateModified":"2020-08-07T13:31:24+00:00","breadcrumb":{"@id":"https:\/\/malhinter.com\/pt-pt\/producao-servicos\/#breadcrumb"},"inLanguage":"pt-PT","potentialAction":[{"@type":"ReadAction","target":["https:\/\/malhinter.com\/pt-pt\/producao-servicos\/"]}]},{"@type":"BreadcrumbList","@id":"https:\/\/malhinter.com\/pt-pt\/producao-servicos\/#breadcrumb","itemListElement":[{"@type":"ListItem","position":1,"name":"Home","item":"https:\/\/malhinter.com\/pt-pt\/"},{"@type":"ListItem","position":2,"name":"produ\u00e7\u00e3o \/ servi\u00e7os"}]},{"@type":"WebSite","@id":"https:\/\/malhinter.com\/pt-pt\/#website","url":"https:\/\/malhinter.com\/pt-pt\/","name":"Malhinter","description":"Clothes for the World","potentialAction":[{"@type":"SearchAction","target":{"@type":"EntryPoint","urlTemplate":"https:\/\/malhinter.com\/pt-pt\/?s={search_term_string}"},"query-input":"required name=search_term_string"}],"inLanguage":"pt-PT"}]}},"_links":{"self":[{"href":"https:\/\/malhinter.com\/pt-pt\/wp-json\/wp\/v2\/pages\/3480"}],"collection":[{"href":"https:\/\/malhinter.com\/pt-pt\/wp-json\/wp\/v2\/pages"}],"about":[{"href":"https:\/\/malhinter.com\/pt-pt\/wp-json\/wp\/v2\/types\/page"}],"author":[{"embeddable":true,"href":"https:\/\/malhinter.com\/pt-pt\/wp-json\/wp\/v2\/users\/1"}],"replies":[{"embeddable":true,"href":"https:\/\/malhinter.com\/pt-pt\/wp-json\/wp\/v2\/comments?post=3480"}],"version-history":[{"count":6,"href":"https:\/\/malhinter.com\/pt-pt\/wp-json\/wp\/v2\/pages\/3480\/revisions"}],"predecessor-version":[{"id":4034,"href":"https:\/\/malhinter.com\/pt-pt\/wp-json\/wp\/v2\/pages\/3480\/revisions\/4034"}],"wp:attachment":[{"href":"https:\/\/malhinter.com\/pt-pt\/wp-json\/wp\/v2\/media?parent=3480"}],"curies":[{"name":"wp","href":"https:\/\/api.w.org\/{rel}","templated":true}]}}