{"id":3478,"date":"2020-08-03T17:49:25","date_gmt":"2020-08-03T17:49:25","guid":{"rendered":"https:\/\/www.malhinter.com\/politica-de-privacidade\/"},"modified":"2020-08-04T14:26:11","modified_gmt":"2020-08-04T14:26:11","slug":"politica-de-privacidade","status":"publish","type":"page","link":"https:\/\/malhinter.com\/pt-pt\/politica-de-privacidade\/","title":{"rendered":"Pol\u00edtica de Privacidade"},"content":{"rendered":"<div class=\"wpb-content-wrapper\"><p>[vc_row][vc_column][vc_column_text text_larger=&#8221;no&#8221;]<\/p>\r\n\r\n<p>Esta declara\u00e7\u00e3o de garantia de privacidade de dados aplica-se exclusivamente ao servi\u00e7o da Malhinter. A Internet \u00e9 uma ferramenta de comunica\u00e7\u00e3o fortemente implementada na nossa evolu\u00e7\u00e3o di\u00e1ria e crescente, que facilita a maneira como nos damos a conhecer ao mundo e a forma como ela nos \u00e9 apresentada.<\/p>\r\n<p>Quando solicitamos o seu nome, endere\u00e7o, telefone, email, entre outros, procuramos manter um relacionamento mais pr\u00f3ximo com nossos utilizadores.<\/p>\r\n<p>A entidade Malhinter garante que essas informa\u00e7\u00f5es n\u00e3o ser\u00e3o utilizadas para divulga\u00e7\u00e3o a terceiros, no entanto, podem ser utilizadas para fins promocionais via e-mail, telefone ou outro, para uso exclusivo da Malhinter.<\/p>\r\n<p>Se, por qualquer motivo, a entidade Malhinter sentir a necessidade de atualizar sua pol\u00edtica de privacidade, ser\u00e1 o primeiro a ser informado.<\/p>\r\n<p>A Malhinter est\u00e1 comprometida a proteger a sua privacidade e utilizar\u00e1 os seus melhores esfor\u00e7os para garantir que usa uma tecnologia eficaz o suficiente para tornar sua experi\u00eancia on-line mais segura todos os dias e os seus relacionamentos na Web cada vez mais refor\u00e7ados.<\/p>\r\n<p>Se tiver alguma d\u00favida sobre esse compromisso, n\u00e3o hesite em entrar em contacto.<\/p>\r\n<p>[\/vc_column_text][\/vc_column][\/vc_row]<\/p><\/div>","protected":false},"excerpt":{"rendered":"<p>[vc_row][vc_column][vc_column_text text_larger=&#8221;no&#8221;] Esta declara\u00e7\u00e3o de garantia de privacidade de dados aplica-se exclusivamente ao servi\u00e7o da Malhinter. A Internet \u00e9 uma<\/p>\n","protected":false},"author":1,"featured_media":0,"parent":0,"menu_order":0,"comment_status":"closed","ping_status":"closed","template":"","meta":{"footnotes":""},"yoast_head":"<!-- This site is optimized with the Yoast SEO plugin v22.0 - https:\/\/yoast.com\/wordpress\/plugins\/seo\/ -->\n<title>Pol\u00edtica de Privacidade - Malhinter<\/title>\n<meta name=\"robots\" content=\"index, follow, max-snippet:-1, max-image-preview:large, max-video-preview:-1\" \/>\n<link rel=\"canonical\" href=\"https:\/\/malhinter.com\/pt-pt\/politica-de-privacidade\/\" \/>\n<meta property=\"og:locale\" content=\"pt_PT\" \/>\n<meta property=\"og:type\" content=\"article\" \/>\n<meta property=\"og:title\" content=\"Pol\u00edtica de Privacidade - Malhinter\" \/>\n<meta property=\"og:description\" content=\"[vc_row][vc_column][vc_column_text text_larger=&#8221;no&#8221;] Esta declara\u00e7\u00e3o de garantia de privacidade de dados aplica-se exclusivamente ao servi\u00e7o da Malhinter. A Internet \u00e9 uma\" \/>\n<meta property=\"og:url\" content=\"https:\/\/malhinter.com\/pt-pt\/politica-de-privacidade\/\" \/>\n<meta property=\"og:site_name\" content=\"Malhinter\" \/>\n<meta property=\"article:modified_time\" content=\"2020-08-04T14:26:11+00:00\" \/>\n<meta name=\"twitter:card\" content=\"summary_large_image\" \/>\n<meta name=\"twitter:label1\" content=\"Tempo estimado de leitura\" \/>\n\t<meta name=\"twitter:data1\" content=\"1 minuto\" \/>\n<script type=\"application\/ld+json\" class=\"yoast-schema-graph\">{\"@context\":\"https:\/\/schema.org\",\"@graph\":[{\"@type\":\"WebPage\",\"@id\":\"https:\/\/malhinter.com\/pt-pt\/politica-de-privacidade\/\",\"url\":\"https:\/\/malhinter.com\/pt-pt\/politica-de-privacidade\/\",\"name\":\"Pol\u00edtica de Privacidade - Malhinter\",\"isPartOf\":{\"@id\":\"https:\/\/malhinter.com\/pt-pt\/#website\"},\"datePublished\":\"2020-08-03T17:49:25+00:00\",\"dateModified\":\"2020-08-04T14:26:11+00:00\",\"breadcrumb\":{\"@id\":\"https:\/\/malhinter.com\/pt-pt\/politica-de-privacidade\/#breadcrumb\"},\"inLanguage\":\"pt-PT\",\"potentialAction\":[{\"@type\":\"ReadAction\",\"target\":[\"https:\/\/malhinter.com\/pt-pt\/politica-de-privacidade\/\"]}]},{\"@type\":\"BreadcrumbList\",\"@id\":\"https:\/\/malhinter.com\/pt-pt\/politica-de-privacidade\/#breadcrumb\",\"itemListElement\":[{\"@type\":\"ListItem\",\"position\":1,\"name\":\"Home\",\"item\":\"https:\/\/malhinter.com\/pt-pt\/\"},{\"@type\":\"ListItem\",\"position\":2,\"name\":\"Pol\u00edtica de Privacidade\"}]},{\"@type\":\"WebSite\",\"@id\":\"https:\/\/malhinter.com\/pt-pt\/#website\",\"url\":\"https:\/\/malhinter.com\/pt-pt\/\",\"name\":\"Malhinter\",\"description\":\"Clothes for the World\",\"potentialAction\":[{\"@type\":\"SearchAction\",\"target\":{\"@type\":\"EntryPoint\",\"urlTemplate\":\"https:\/\/malhinter.com\/pt-pt\/?s={search_term_string}\"},\"query-input\":\"required name=search_term_string\"}],\"inLanguage\":\"pt-PT\"}]}<\/script>\n<!-- \/ Yoast SEO plugin. -->","yoast_head_json":{"title":"Pol\u00edtica de Privacidade - Malhinter","robots":{"index":"index","follow":"follow","max-snippet":"max-snippet:-1","max-image-preview":"max-image-preview:large","max-video-preview":"max-video-preview:-1"},"canonical":"https:\/\/malhinter.com\/pt-pt\/politica-de-privacidade\/","og_locale":"pt_PT","og_type":"article","og_title":"Pol\u00edtica de Privacidade - Malhinter","og_description":"[vc_row][vc_column][vc_column_text text_larger=&#8221;no&#8221;] Esta declara\u00e7\u00e3o de garantia de privacidade de dados aplica-se exclusivamente ao servi\u00e7o da Malhinter. A Internet \u00e9 uma","og_url":"https:\/\/malhinter.com\/pt-pt\/politica-de-privacidade\/","og_site_name":"Malhinter","article_modified_time":"2020-08-04T14:26:11+00:00","twitter_card":"summary_large_image","twitter_misc":{"Tempo estimado de leitura":"1 minuto"},"schema":{"@context":"https:\/\/schema.org","@graph":[{"@type":"WebPage","@id":"https:\/\/malhinter.com\/pt-pt\/politica-de-privacidade\/","url":"https:\/\/malhinter.com\/pt-pt\/politica-de-privacidade\/","name":"Pol\u00edtica de Privacidade - Malhinter","isPartOf":{"@id":"https:\/\/malhinter.com\/pt-pt\/#website"},"datePublished":"2020-08-03T17:49:25+00:00","dateModified":"2020-08-04T14:26:11+00:00","breadcrumb":{"@id":"https:\/\/malhinter.com\/pt-pt\/politica-de-privacidade\/#breadcrumb"},"inLanguage":"pt-PT","potentialAction":[{"@type":"ReadAction","target":["https:\/\/malhinter.com\/pt-pt\/politica-de-privacidade\/"]}]},{"@type":"BreadcrumbList","@id":"https:\/\/malhinter.com\/pt-pt\/politica-de-privacidade\/#breadcrumb","itemListElement":[{"@type":"ListItem","position":1,"name":"Home","item":"https:\/\/malhinter.com\/pt-pt\/"},{"@type":"ListItem","position":2,"name":"Pol\u00edtica de Privacidade"}]},{"@type":"WebSite","@id":"https:\/\/malhinter.com\/pt-pt\/#website","url":"https:\/\/malhinter.com\/pt-pt\/","name":"Malhinter","description":"Clothes for the World","potentialAction":[{"@type":"SearchAction","target":{"@type":"EntryPoint","urlTemplate":"https:\/\/malhinter.com\/pt-pt\/?s={search_term_string}"},"query-input":"required name=search_term_string"}],"inLanguage":"pt-PT"}]}},"_links":{"self":[{"href":"https:\/\/malhinter.com\/pt-pt\/wp-json\/wp\/v2\/pages\/3478"}],"collection":[{"href":"https:\/\/malhinter.com\/pt-pt\/wp-json\/wp\/v2\/pages"}],"about":[{"href":"https:\/\/malhinter.com\/pt-pt\/wp-json\/wp\/v2\/types\/page"}],"author":[{"embeddable":true,"href":"https:\/\/malhinter.com\/pt-pt\/wp-json\/wp\/v2\/users\/1"}],"replies":[{"embeddable":true,"href":"https:\/\/malhinter.com\/pt-pt\/wp-json\/wp\/v2\/comments?post=3478"}],"version-history":[{"count":2,"href":"https:\/\/malhinter.com\/pt-pt\/wp-json\/wp\/v2\/pages\/3478\/revisions"}],"predecessor-version":[{"id":3516,"href":"https:\/\/malhinter.com\/pt-pt\/wp-json\/wp\/v2\/pages\/3478\/revisions\/3516"}],"wp:attachment":[{"href":"https:\/\/malhinter.com\/pt-pt\/wp-json\/wp\/v2\/media?parent=3478"}],"curies":[{"name":"wp","href":"https:\/\/api.w.org\/{rel}","templated":true}]}}