{"id":3390,"date":"2020-08-03T17:08:10","date_gmt":"2020-08-03T17:08:10","guid":{"rendered":"https:\/\/www.malhinter.com\/litigios-ao-consumo\/"},"modified":"2020-08-04T14:15:21","modified_gmt":"2020-08-04T14:15:21","slug":"litigios-ao-consumo","status":"publish","type":"page","link":"https:\/\/malhinter.com\/pt-pt\/litigios-ao-consumo\/","title":{"rendered":"Lit\u00edgios ao Consumo"},"content":{"rendered":"<div class=\"wpb-content-wrapper\"><p>[vc_row][vc_column][vc_column_text text_larger=&#8221;no&#8221;]<strong>A Resolu\u00e7\u00e3o Alternativa de Lit\u00edgios ao Consumo (RAL) \u00e9 a entidade que cobre a media\u00e7\u00e3o, concilia\u00e7\u00e3o e arbitragem entre empresas e consumidores.<\/strong><\/p>\n<p>Entidades independentes, com equipa especializada e imparcial, ajudam o consumidor e a empresa a alcan\u00e7ar uma solu\u00e7\u00e3o amig\u00e1vel por meio de media\u00e7\u00e3o ou concilia\u00e7\u00e3o. Se tal acordo n\u00e3o for alcan\u00e7ado, o tribunal arbitral tamb\u00e9m poder\u00e1 ser apelado atrav\u00e9s de um processo simples e r\u00e1pido.<\/p>\n<p>O que s\u00e3o entidades alternativas para resolu\u00e7\u00e3o de disputas?<\/p>\n<p>S\u00e3o principalmente Centros de Arbitragem de Conflitos de Consumidores, que resolvem disputas por meio de procedimentos de media\u00e7\u00e3o, concilia\u00e7\u00e3o e arbitragem, gratuitamente ou a custos reduzidos. Fornecem informa\u00e7\u00f5es gratuitas sobre t\u00f3picos de consumidores.<\/p>\n<p>Onde est\u00e3o localizados?<\/p>\n<p>Estas entidades est\u00e3o localizadas em diferentes \u00e1reas de Portugal, com todo o territ\u00f3rio nacional coberto por pelo menos uma entidade\/Centro de Arbitragem.<\/p>\n<p>Para mais informa\u00e7\u00f5es, veja:<\/p>\n<p>http:\/\/www.centroarbitragemlisboa.pt\/[\/vc_column_text][\/vc_column][\/vc_row]<\/p>\n<\/div>","protected":false},"excerpt":{"rendered":"<p>[vc_row][vc_column][vc_column_text text_larger=&#8221;no&#8221;]A Resolu\u00e7\u00e3o Alternativa de Lit\u00edgios ao Consumo (RAL) \u00e9 a entidade que cobre a media\u00e7\u00e3o, concilia\u00e7\u00e3o e arbitragem entre<\/p>\n","protected":false},"author":1,"featured_media":0,"parent":0,"menu_order":0,"comment_status":"closed","ping_status":"closed","template":"","meta":{"footnotes":""},"yoast_head":"<!-- This site is optimized with the Yoast SEO plugin v22.0 - https:\/\/yoast.com\/wordpress\/plugins\/seo\/ -->\n<title>Lit\u00edgios ao Consumo - Malhinter<\/title>\n<meta name=\"robots\" content=\"index, follow, max-snippet:-1, max-image-preview:large, max-video-preview:-1\" \/>\n<link rel=\"canonical\" href=\"https:\/\/malhinter.com\/pt-pt\/litigios-ao-consumo\/\" \/>\n<meta property=\"og:locale\" content=\"pt_PT\" \/>\n<meta property=\"og:type\" content=\"article\" \/>\n<meta property=\"og:title\" content=\"Lit\u00edgios ao Consumo - Malhinter\" \/>\n<meta property=\"og:description\" content=\"[vc_row][vc_column][vc_column_text text_larger=&#8221;no&#8221;]A Resolu\u00e7\u00e3o Alternativa de Lit\u00edgios ao Consumo (RAL) \u00e9 a entidade que cobre a media\u00e7\u00e3o, concilia\u00e7\u00e3o e arbitragem entre\" \/>\n<meta property=\"og:url\" content=\"https:\/\/malhinter.com\/pt-pt\/litigios-ao-consumo\/\" \/>\n<meta property=\"og:site_name\" content=\"Malhinter\" \/>\n<meta property=\"article:modified_time\" content=\"2020-08-04T14:15:21+00:00\" \/>\n<meta name=\"twitter:card\" content=\"summary_large_image\" \/>\n<meta name=\"twitter:label1\" content=\"Tempo estimado de leitura\" \/>\n\t<meta name=\"twitter:data1\" content=\"1 minuto\" \/>\n<script type=\"application\/ld+json\" class=\"yoast-schema-graph\">{\"@context\":\"https:\/\/schema.org\",\"@graph\":[{\"@type\":\"WebPage\",\"@id\":\"https:\/\/malhinter.com\/pt-pt\/litigios-ao-consumo\/\",\"url\":\"https:\/\/malhinter.com\/pt-pt\/litigios-ao-consumo\/\",\"name\":\"Lit\u00edgios ao Consumo - Malhinter\",\"isPartOf\":{\"@id\":\"https:\/\/malhinter.com\/pt-pt\/#website\"},\"datePublished\":\"2020-08-03T17:08:10+00:00\",\"dateModified\":\"2020-08-04T14:15:21+00:00\",\"breadcrumb\":{\"@id\":\"https:\/\/malhinter.com\/pt-pt\/litigios-ao-consumo\/#breadcrumb\"},\"inLanguage\":\"pt-PT\",\"potentialAction\":[{\"@type\":\"ReadAction\",\"target\":[\"https:\/\/malhinter.com\/pt-pt\/litigios-ao-consumo\/\"]}]},{\"@type\":\"BreadcrumbList\",\"@id\":\"https:\/\/malhinter.com\/pt-pt\/litigios-ao-consumo\/#breadcrumb\",\"itemListElement\":[{\"@type\":\"ListItem\",\"position\":1,\"name\":\"Home\",\"item\":\"https:\/\/malhinter.com\/pt-pt\/\"},{\"@type\":\"ListItem\",\"position\":2,\"name\":\"Lit\u00edgios ao Consumo\"}]},{\"@type\":\"WebSite\",\"@id\":\"https:\/\/malhinter.com\/pt-pt\/#website\",\"url\":\"https:\/\/malhinter.com\/pt-pt\/\",\"name\":\"Malhinter\",\"description\":\"Clothes for the World\",\"potentialAction\":[{\"@type\":\"SearchAction\",\"target\":{\"@type\":\"EntryPoint\",\"urlTemplate\":\"https:\/\/malhinter.com\/pt-pt\/?s={search_term_string}\"},\"query-input\":\"required name=search_term_string\"}],\"inLanguage\":\"pt-PT\"}]}<\/script>\n<!-- \/ Yoast SEO plugin. -->","yoast_head_json":{"title":"Lit\u00edgios ao Consumo - Malhinter","robots":{"index":"index","follow":"follow","max-snippet":"max-snippet:-1","max-image-preview":"max-image-preview:large","max-video-preview":"max-video-preview:-1"},"canonical":"https:\/\/malhinter.com\/pt-pt\/litigios-ao-consumo\/","og_locale":"pt_PT","og_type":"article","og_title":"Lit\u00edgios ao Consumo - Malhinter","og_description":"[vc_row][vc_column][vc_column_text text_larger=&#8221;no&#8221;]A Resolu\u00e7\u00e3o Alternativa de Lit\u00edgios ao Consumo (RAL) \u00e9 a entidade que cobre a media\u00e7\u00e3o, concilia\u00e7\u00e3o e arbitragem entre","og_url":"https:\/\/malhinter.com\/pt-pt\/litigios-ao-consumo\/","og_site_name":"Malhinter","article_modified_time":"2020-08-04T14:15:21+00:00","twitter_card":"summary_large_image","twitter_misc":{"Tempo estimado de leitura":"1 minuto"},"schema":{"@context":"https:\/\/schema.org","@graph":[{"@type":"WebPage","@id":"https:\/\/malhinter.com\/pt-pt\/litigios-ao-consumo\/","url":"https:\/\/malhinter.com\/pt-pt\/litigios-ao-consumo\/","name":"Lit\u00edgios ao Consumo - Malhinter","isPartOf":{"@id":"https:\/\/malhinter.com\/pt-pt\/#website"},"datePublished":"2020-08-03T17:08:10+00:00","dateModified":"2020-08-04T14:15:21+00:00","breadcrumb":{"@id":"https:\/\/malhinter.com\/pt-pt\/litigios-ao-consumo\/#breadcrumb"},"inLanguage":"pt-PT","potentialAction":[{"@type":"ReadAction","target":["https:\/\/malhinter.com\/pt-pt\/litigios-ao-consumo\/"]}]},{"@type":"BreadcrumbList","@id":"https:\/\/malhinter.com\/pt-pt\/litigios-ao-consumo\/#breadcrumb","itemListElement":[{"@type":"ListItem","position":1,"name":"Home","item":"https:\/\/malhinter.com\/pt-pt\/"},{"@type":"ListItem","position":2,"name":"Lit\u00edgios ao Consumo"}]},{"@type":"WebSite","@id":"https:\/\/malhinter.com\/pt-pt\/#website","url":"https:\/\/malhinter.com\/pt-pt\/","name":"Malhinter","description":"Clothes for the World","potentialAction":[{"@type":"SearchAction","target":{"@type":"EntryPoint","urlTemplate":"https:\/\/malhinter.com\/pt-pt\/?s={search_term_string}"},"query-input":"required name=search_term_string"}],"inLanguage":"pt-PT"}]}},"_links":{"self":[{"href":"https:\/\/malhinter.com\/pt-pt\/wp-json\/wp\/v2\/pages\/3390"}],"collection":[{"href":"https:\/\/malhinter.com\/pt-pt\/wp-json\/wp\/v2\/pages"}],"about":[{"href":"https:\/\/malhinter.com\/pt-pt\/wp-json\/wp\/v2\/types\/page"}],"author":[{"embeddable":true,"href":"https:\/\/malhinter.com\/pt-pt\/wp-json\/wp\/v2\/users\/1"}],"replies":[{"embeddable":true,"href":"https:\/\/malhinter.com\/pt-pt\/wp-json\/wp\/v2\/comments?post=3390"}],"version-history":[{"count":2,"href":"https:\/\/malhinter.com\/pt-pt\/wp-json\/wp\/v2\/pages\/3390\/revisions"}],"predecessor-version":[{"id":3394,"href":"https:\/\/malhinter.com\/pt-pt\/wp-json\/wp\/v2\/pages\/3390\/revisions\/3394"}],"wp:attachment":[{"href":"https:\/\/malhinter.com\/pt-pt\/wp-json\/wp\/v2\/media?parent=3390"}],"curies":[{"name":"wp","href":"https:\/\/api.w.org\/{rel}","templated":true}]}}