{"id":3379,"date":"2020-08-03T17:06:00","date_gmt":"2020-08-03T17:06:00","guid":{"rendered":"https:\/\/www.malhinter.com\/empresa\/"},"modified":"2020-08-07T13:24:30","modified_gmt":"2020-08-07T13:24:30","slug":"empresa","status":"publish","type":"page","link":"https:\/\/malhinter.com\/pt-pt\/empresa\/","title":{"rendered":"empresa"},"content":{"rendered":"<div class=\"wpb-content-wrapper\"><p>[vc_row][vc_column][vc_row_inner][vc_column_inner][vc_empty_space height=&#8221;75px&#8221; woodmart_hide_large=&#8221;0&#8243; woodmart_hide_medium=&#8221;0&#8243; woodmart_hide_small=&#8221;0&#8243; woodmart_hide_extra_small=&#8221;0&#8243;][\/vc_column_inner][\/vc_row_inner][vc_row_inner][vc_column_inner width=&#8221;1\/3&#8243;]\t\t\t<link rel=\"stylesheet\" id=\"wd-responsive-text-css\" href=\"https:\/\/malhinter.com\/wp-content\/themes\/woodmart\/css\/parts\/el-responsive-text.min.css?ver=7.4.3\" type=\"text\/css\" media=\"all\" \/> \t\t\t\t\t\t<div id=\"wd-5f087aeea2631\" class=\"wd-text-block-wrapper wd-wpb wd-rs-5f087aeea2631 color-scheme- text-left vc_custom_1594391373258\">\n\t\t\t\t<div class=\"woodmart-title-container woodmart-text-block reset-last-child font-primary wd-font-weight- \">\n\t\t\t\t\t<\/p>\n<h3><span style=\"color: #523573;\">Quem somos<\/span><\/h3>\n<p>\t\t\t\t<\/div>\n\n\t\t\t\t\t\t\t<\/div>\n\t\t[\/vc_column_inner][vc_column_inner width=&#8221;1\/3&#8243;][vc_column_text text_larger=&#8221;no&#8221;]<\/p>\n<p>Desde 1985, quando a empresa foi fundada, desenvolvemos todos os esfor\u00e7os para elevar os n\u00edveis de qualidade exigidos pelos nossos clientes e tamb\u00e9m por n\u00f3s mesmos. Somos uma equipa jovem e din\u00e2mica, cheia de ambi\u00e7\u00e3o e equipada com m\u00e1quinas modernas. Investimos continuamente em inova\u00e7\u00e3o para acompanhar as \u00faltimas tend\u00eancias num mercado em constante mudan\u00e7a, sedento de novas ideias.<\/p>\n<p>Al\u00e9m disso, estamos fortemente comprometidos com o relacionamento com os nossos fornecedores, porque acreditamos que o sucesso de nossos pr\u00f3prios neg\u00f3cios depende da combina\u00e7\u00e3o e equil\u00edbrio perfeitos entre a Malhinter, o nosso cliente e toda a nossa rede de fornecedores.<\/p>\n<p>[\/vc_column_text][\/vc_column_inner][vc_column_inner width=&#8221;1\/3&#8243;][vc_column_text text_larger=&#8221;no&#8221;]O nosso objetivo \u00e9 satisfazer todas as necessidades dos nossos clientes, com base em dois pilares que identificamos como cruciais: facilidade de resposta nos prazos de entrega e exig\u00eancia de qualidade m\u00e1xima.<\/p>\n<p>O nosso sucesso e satisfa\u00e7\u00e3o s\u00e3o manifestados pelo relacionamento duradouro que mantemos com algumas das marcas de moda mais importantes de nossos dias.[\/vc_column_text][\/vc_column_inner][\/vc_row_inner][vc_row_inner][vc_column_inner][vc_empty_space height=&#8221;75px&#8221; woodmart_hide_large=&#8221;0&#8243; woodmart_hide_medium=&#8221;0&#8243; woodmart_hide_small=&#8221;0&#8243; woodmart_hide_extra_small=&#8221;0&#8243;][\/vc_column_inner][\/vc_row_inner][\/vc_column][\/vc_row][vc_row full_width=&#8221;stretch_row&#8221; mobile_bg_img_hidden=&#8221;no&#8221; tablet_bg_img_hidden=&#8221;no&#8221; woodmart_parallax=&#8221;1&#8243; woodmart_gradient_switch=&#8221;no&#8221; row_reverse_mobile=&#8221;0&#8243; row_reverse_tablet=&#8221;0&#8243; woodmart_disable_overflow=&#8221;0&#8243; css=&#8221;.vc_custom_1594391802723{background-image: url(https:\/\/malhinter.com\/wp-content\/uploads\/2020\/07\/DSC_3483.jpg?id=3007) !important;background-position: center !important;background-repeat: no-repeat !important;background-size: cover !important;}&#8221;][vc_column][vc_row_inner][vc_column_inner][vc_empty_space height=&#8221;100px&#8221; woodmart_hide_large=&#8221;0&#8243; woodmart_hide_medium=&#8221;0&#8243; woodmart_hide_small=&#8221;0&#8243; woodmart_hide_extra_small=&#8221;0&#8243;]\t\t\t<div id=\"wd-5f2056213d969\" class=\"wd-text-block-wrapper wd-wpb wd-rs-5f2056213d969 color-scheme- text-center \">\n\t\t\t\t<div class=\"woodmart-title-container woodmart-text-block reset-last-child font-primary wd-font-weight- \">\n\t\t\t\t\t<\/p>\n<h3 style=\"text-align: center;\"><span style=\"color: #ffffff;\"><strong>\u201cO Homem \u00e9 do tamanho do seu sonho\u201d<\/strong><\/span><br \/>\n<span style=\"color: #ffffff;\">Fernando Pessoa<\/span><\/h3>\n<p>\t\t\t\t<\/div>\n\n\t\t\t\t\t\t\t<\/div>\n\t\t[vc_empty_space height=&#8221;100px&#8221; woodmart_hide_large=&#8221;0&#8243; woodmart_hide_medium=&#8221;0&#8243; woodmart_hide_small=&#8221;0&#8243; woodmart_hide_extra_small=&#8221;0&#8243;][\/vc_column_inner][\/vc_row_inner][\/vc_column][\/vc_row][vc_row][vc_column][vc_row_inner][vc_column_inner][vc_empty_space height=&#8221;75px&#8221; woodmart_hide_large=&#8221;0&#8243; woodmart_hide_medium=&#8221;0&#8243; woodmart_hide_small=&#8221;0&#8243; woodmart_hide_extra_small=&#8221;0&#8243;][\/vc_column_inner][\/vc_row_inner][vc_row_inner][vc_column_inner width=&#8221;1\/3&#8243;]\t\t\t<div id=\"wd-5f087e1283c89\" class=\"wd-text-block-wrapper wd-wpb wd-rs-5f087e1283c89 color-scheme- text-left vc_custom_1594392090721\">\n\t\t\t\t<div class=\"woodmart-title-container woodmart-text-block reset-last-child font-primary wd-font-weight- \">\n\t\t\t\t\t<\/p>\n<h3><span style=\"color: #523573;\">O que fazemos<\/span><\/h3>\n<p>\t\t\t\t<\/div>\n\n\t\t\t\t\t\t\t<\/div>\n\t\t[\/vc_column_inner][vc_column_inner width=&#8221;1\/3&#8243;][vc_column_text text_larger=&#8221;no&#8221;]Podemos adquirir ou desenvolver na nossa rede de abastecimento qualquer tipo de tecido circular de malha: camisolas, nervuras, intertravamento, l\u00e3, em qualquer tipo de estrutura de composi\u00e7\u00e3o. Trabalhamos com os knitters\/tinturarias de alta qualidade aqui em Portugal.<\/p>\n<p>Os nossos fornecedores oferecem uma ampla variedade de tecidos sustent\u00e1veis, de algod\u00e3o org\u00e2nico, algod\u00e3o reciclado, poli\u00e9ster reciclado ou misturas de algod\u00e3o reciclado\/org\u00e2nico e poli\u00e9ster reciclado, linho org\u00e2nico.<\/p>\n<p>Tamb\u00e9m somos muito fortes em impress\u00f5es, pois temos uma parceria com uma empresa de unidade de serigrafia aqui em Portugal. Podemos fazer qualquer tipo de t\u00e9cnica: HD de alto n\u00edvel (impress\u00e3o em caixa), plastisol, pigmento, tinta de \u00e1gua, descarga, papel alum\u00ednio, rebanho, sopro, glitter, met\u00e1lico, impress\u00e3o de foto. Temos uma t\u00e9cnica \u00fanica que nos permite imprimir sobre as costuras com qualidade incompar\u00e1vel.<\/p>\n<p>[\/vc_column_text][\/vc_column_inner][vc_column_inner width=&#8221;1\/3&#8243;][vc_column_text text_larger=&#8221;no&#8221;]Al\u00e9m da impress\u00e3o de posicionamento, tamb\u00e9m podemos fazer impress\u00e3o allover (metragem rotativa), digital (coloca\u00e7\u00e3o e allover) e sublima\u00e7\u00e3o.<\/p>\n<p>Podemos fazer qualquer tipo de t\u00e9cnica de bordar.<br \/>\nTrabalhamos com as melhores unidades de tingimento de roupas em Portugal, e podemos fazer qualquer corante, tinta especial, tie-dye, qualquer tipo de lavagem, retifica\u00e7\u00e3o, etc.[\/vc_column_text][\/vc_column_inner][\/vc_row_inner][vc_row_inner][vc_column_inner][vc_empty_space height=&#8221;75px&#8221; woodmart_hide_large=&#8221;0&#8243; woodmart_hide_medium=&#8221;0&#8243; woodmart_hide_small=&#8221;0&#8243; woodmart_hide_extra_small=&#8221;0&#8243;][\/vc_column_inner][\/vc_row_inner][\/vc_column][\/vc_row][vc_row full_width=&#8221;stretch_row_content&#8221; mobile_bg_img_hidden=&#8221;no&#8221; tablet_bg_img_hidden=&#8221;no&#8221; woodmart_parallax=&#8221;1&#8243; woodmart_gradient_switch=&#8221;no&#8221; row_reverse_mobile=&#8221;0&#8243; row_reverse_tablet=&#8221;0&#8243; woodmart_disable_overflow=&#8221;0&#8243; css=&#8221;.vc_custom_1594392348948{margin-top: 0px !important;padding-top: 18vh !important;padding-bottom: 18vh !important;background-image: url(https:\/\/malhinter.com\/wp-content\/uploads\/2020\/07\/DSC_3463.jpg?id=3008) !important;background-position: center !important;background-repeat: no-repeat !important;background-size: cover !important;}&#8221;][vc_column][vc_row_inner][vc_column_inner][vc_empty_space height=&#8221;100px&#8221; woodmart_hide_large=&#8221;0&#8243; woodmart_hide_medium=&#8221;0&#8243; woodmart_hide_small=&#8221;0&#8243; woodmart_hide_extra_small=&#8221;0&#8243;][\/vc_column_inner][\/vc_row_inner][\/vc_column][\/vc_row][vc_row full_width=&#8221;stretch_row&#8221; css=&#8221;.vc_custom_1594650274316{margin-bottom: -50px !important;background-color: #4d2d75 !important;}&#8221; mobile_bg_img_hidden=&#8221;no&#8221; tablet_bg_img_hidden=&#8221;no&#8221; woodmart_parallax=&#8221;0&#8243; woodmart_gradient_switch=&#8221;no&#8221; row_reverse_mobile=&#8221;0&#8243; row_reverse_tablet=&#8221;0&#8243; woodmart_disable_overflow=&#8221;0&#8243;][vc_column][vc_row_inner][vc_column_inner][vc_empty_space height=&#8221;50px&#8221; woodmart_hide_large=&#8221;0&#8243; woodmart_hide_medium=&#8221;0&#8243; woodmart_hide_small=&#8221;0&#8243; woodmart_hide_extra_small=&#8221;0&#8243;][\/vc_column_inner][\/vc_row_inner][vc_row_inner][vc_column_inner width=&#8221;1\/2&#8243;]\t\t\t<div id=\"wd-5f08808b88ef7\" class=\"wd-text-block-wrapper wd-wpb wd-rs-5f08808b88ef7 color-scheme- text-center \">\n\t\t\t\t<div class=\"woodmart-title-container woodmart-text-block reset-last-child font-primary wd-font-weight- \">\n\t\t\t\t\t<\/p>\n<h3 style=\"text-align: left;\"><span style=\"color: #ffffff;\">clothes for the world<\/span><\/h3>\n<p>\t\t\t\t<\/div>\n\n\t\t\t\t\t\t\t<\/div>\n\t\t[\/vc_column_inner][vc_column_inner width=&#8221;1\/2&#8243;]<div id=\"wd-5f29912f0b425\" class=\" wd-rs-5f29912f0b425  wd-button-wrapper text-center\"><a href=\"https:\/\/malhinter.com\/contactos\/?lang=pt-pt\" title=\"\" class=\"btn btn-color-white btn-style-bordered btn-style-rectangle btn-size-default\">CONTACTE-NOS<\/a><\/div>[\/vc_column_inner][\/vc_row_inner][vc_row_inner][vc_column_inner][vc_empty_space height=&#8221;50px&#8221; woodmart_hide_large=&#8221;0&#8243; woodmart_hide_medium=&#8221;0&#8243; woodmart_hide_small=&#8221;0&#8243; woodmart_hide_extra_small=&#8221;0&#8243;][\/vc_column_inner][\/vc_row_inner][\/vc_column][\/vc_row]<\/p>\n<\/div>","protected":false},"excerpt":{"rendered":"<p>[vc_row][vc_column][vc_row_inner][vc_column_inner][vc_empty_space height=&#8221;75px&#8221; woodmart_hide_large=&#8221;0&#8243; woodmart_hide_medium=&#8221;0&#8243; woodmart_hide_small=&#8221;0&#8243; woodmart_hide_extra_small=&#8221;0&#8243;][\/vc_column_inner][\/vc_row_inner][vc_row_inner][vc_column_inner width=&#8221;1\/3&#8243;][\/vc_column_inner][vc_column_inner width=&#8221;1\/3&#8243;][vc_column_text text_larger=&#8221;no&#8221;] Desde 1985, quando a empresa foi fundada, desenvolvemos todos os esfor\u00e7os<\/p>\n","protected":false},"author":1,"featured_media":0,"parent":0,"menu_order":0,"comment_status":"closed","ping_status":"closed","template":"","meta":{"footnotes":""},"yoast_head":"<!-- This site is optimized with the Yoast SEO plugin v22.0 - https:\/\/yoast.com\/wordpress\/plugins\/seo\/ -->\n<title>empresa - Malhinter<\/title>\n<meta name=\"robots\" content=\"index, follow, max-snippet:-1, max-image-preview:large, max-video-preview:-1\" \/>\n<link rel=\"canonical\" href=\"https:\/\/malhinter.com\/pt-pt\/empresa\/\" \/>\n<meta property=\"og:locale\" content=\"pt_PT\" \/>\n<meta property=\"og:type\" content=\"article\" \/>\n<meta property=\"og:title\" content=\"empresa - Malhinter\" \/>\n<meta property=\"og:description\" content=\"[vc_row][vc_column][vc_row_inner][vc_column_inner][vc_empty_space height=&#8221;75px&#8221; woodmart_hide_large=&#8221;0&#8243; woodmart_hide_medium=&#8221;0&#8243; woodmart_hide_small=&#8221;0&#8243; woodmart_hide_extra_small=&#8221;0&#8243;][\/vc_column_inner][\/vc_row_inner][vc_row_inner][vc_column_inner width=&#8221;1\/3&#8243;][\/vc_column_inner][vc_column_inner width=&#8221;1\/3&#8243;][vc_column_text text_larger=&#8221;no&#8221;] Desde 1985, quando a empresa foi fundada, desenvolvemos todos os esfor\u00e7os\" \/>\n<meta property=\"og:url\" content=\"https:\/\/malhinter.com\/pt-pt\/empresa\/\" \/>\n<meta property=\"og:site_name\" content=\"Malhinter\" \/>\n<meta property=\"article:modified_time\" content=\"2020-08-07T13:24:30+00:00\" \/>\n<meta name=\"twitter:card\" content=\"summary_large_image\" \/>\n<meta name=\"twitter:label1\" content=\"Tempo estimado de leitura\" \/>\n\t<meta name=\"twitter:data1\" content=\"6 minutos\" \/>\n<script type=\"application\/ld+json\" class=\"yoast-schema-graph\">{\"@context\":\"https:\/\/schema.org\",\"@graph\":[{\"@type\":\"WebPage\",\"@id\":\"https:\/\/malhinter.com\/pt-pt\/empresa\/\",\"url\":\"https:\/\/malhinter.com\/pt-pt\/empresa\/\",\"name\":\"empresa - Malhinter\",\"isPartOf\":{\"@id\":\"https:\/\/malhinter.com\/pt-pt\/#website\"},\"datePublished\":\"2020-08-03T17:06:00+00:00\",\"dateModified\":\"2020-08-07T13:24:30+00:00\",\"breadcrumb\":{\"@id\":\"https:\/\/malhinter.com\/pt-pt\/empresa\/#breadcrumb\"},\"inLanguage\":\"pt-PT\",\"potentialAction\":[{\"@type\":\"ReadAction\",\"target\":[\"https:\/\/malhinter.com\/pt-pt\/empresa\/\"]}]},{\"@type\":\"BreadcrumbList\",\"@id\":\"https:\/\/malhinter.com\/pt-pt\/empresa\/#breadcrumb\",\"itemListElement\":[{\"@type\":\"ListItem\",\"position\":1,\"name\":\"Home\",\"item\":\"https:\/\/malhinter.com\/pt-pt\/\"},{\"@type\":\"ListItem\",\"position\":2,\"name\":\"empresa\"}]},{\"@type\":\"WebSite\",\"@id\":\"https:\/\/malhinter.com\/pt-pt\/#website\",\"url\":\"https:\/\/malhinter.com\/pt-pt\/\",\"name\":\"Malhinter\",\"description\":\"Clothes for the World\",\"potentialAction\":[{\"@type\":\"SearchAction\",\"target\":{\"@type\":\"EntryPoint\",\"urlTemplate\":\"https:\/\/malhinter.com\/pt-pt\/?s={search_term_string}\"},\"query-input\":\"required name=search_term_string\"}],\"inLanguage\":\"pt-PT\"}]}<\/script>\n<!-- \/ Yoast SEO plugin. -->","yoast_head_json":{"title":"empresa - Malhinter","robots":{"index":"index","follow":"follow","max-snippet":"max-snippet:-1","max-image-preview":"max-image-preview:large","max-video-preview":"max-video-preview:-1"},"canonical":"https:\/\/malhinter.com\/pt-pt\/empresa\/","og_locale":"pt_PT","og_type":"article","og_title":"empresa - Malhinter","og_description":"[vc_row][vc_column][vc_row_inner][vc_column_inner][vc_empty_space height=&#8221;75px&#8221; woodmart_hide_large=&#8221;0&#8243; woodmart_hide_medium=&#8221;0&#8243; woodmart_hide_small=&#8221;0&#8243; woodmart_hide_extra_small=&#8221;0&#8243;][\/vc_column_inner][\/vc_row_inner][vc_row_inner][vc_column_inner width=&#8221;1\/3&#8243;][\/vc_column_inner][vc_column_inner width=&#8221;1\/3&#8243;][vc_column_text text_larger=&#8221;no&#8221;] Desde 1985, quando a empresa foi fundada, desenvolvemos todos os esfor\u00e7os","og_url":"https:\/\/malhinter.com\/pt-pt\/empresa\/","og_site_name":"Malhinter","article_modified_time":"2020-08-07T13:24:30+00:00","twitter_card":"summary_large_image","twitter_misc":{"Tempo estimado de leitura":"6 minutos"},"schema":{"@context":"https:\/\/schema.org","@graph":[{"@type":"WebPage","@id":"https:\/\/malhinter.com\/pt-pt\/empresa\/","url":"https:\/\/malhinter.com\/pt-pt\/empresa\/","name":"empresa - Malhinter","isPartOf":{"@id":"https:\/\/malhinter.com\/pt-pt\/#website"},"datePublished":"2020-08-03T17:06:00+00:00","dateModified":"2020-08-07T13:24:30+00:00","breadcrumb":{"@id":"https:\/\/malhinter.com\/pt-pt\/empresa\/#breadcrumb"},"inLanguage":"pt-PT","potentialAction":[{"@type":"ReadAction","target":["https:\/\/malhinter.com\/pt-pt\/empresa\/"]}]},{"@type":"BreadcrumbList","@id":"https:\/\/malhinter.com\/pt-pt\/empresa\/#breadcrumb","itemListElement":[{"@type":"ListItem","position":1,"name":"Home","item":"https:\/\/malhinter.com\/pt-pt\/"},{"@type":"ListItem","position":2,"name":"empresa"}]},{"@type":"WebSite","@id":"https:\/\/malhinter.com\/pt-pt\/#website","url":"https:\/\/malhinter.com\/pt-pt\/","name":"Malhinter","description":"Clothes for the World","potentialAction":[{"@type":"SearchAction","target":{"@type":"EntryPoint","urlTemplate":"https:\/\/malhinter.com\/pt-pt\/?s={search_term_string}"},"query-input":"required name=search_term_string"}],"inLanguage":"pt-PT"}]}},"_links":{"self":[{"href":"https:\/\/malhinter.com\/pt-pt\/wp-json\/wp\/v2\/pages\/3379"}],"collection":[{"href":"https:\/\/malhinter.com\/pt-pt\/wp-json\/wp\/v2\/pages"}],"about":[{"href":"https:\/\/malhinter.com\/pt-pt\/wp-json\/wp\/v2\/types\/page"}],"author":[{"embeddable":true,"href":"https:\/\/malhinter.com\/pt-pt\/wp-json\/wp\/v2\/users\/1"}],"replies":[{"embeddable":true,"href":"https:\/\/malhinter.com\/pt-pt\/wp-json\/wp\/v2\/comments?post=3379"}],"version-history":[{"count":5,"href":"https:\/\/malhinter.com\/pt-pt\/wp-json\/wp\/v2\/pages\/3379\/revisions"}],"predecessor-version":[{"id":4032,"href":"https:\/\/malhinter.com\/pt-pt\/wp-json\/wp\/v2\/pages\/3379\/revisions\/4032"}],"wp:attachment":[{"href":"https:\/\/malhinter.com\/pt-pt\/wp-json\/wp\/v2\/media?parent=3379"}],"curies":[{"name":"wp","href":"https:\/\/api.w.org\/{rel}","templated":true}]}}