{"id":3357,"date":"2020-08-03T16:12:40","date_gmt":"2020-08-03T16:12:40","guid":{"rendered":"https:\/\/www.malhinter.com\/certificacao\/"},"modified":"2024-10-08T13:54:46","modified_gmt":"2024-10-08T13:54:46","slug":"certificacao","status":"publish","type":"page","link":"https:\/\/malhinter.com\/pt-pt\/certificacao\/","title":{"rendered":"certifica\u00e7\u00e3o"},"content":{"rendered":"<div class=\"wpb-content-wrapper\"><p>[vc_row][vc_column][vc_empty_space height=&#8221;75px&#8221; woodmart_hide_large=&#8221;0&#8243; woodmart_hide_medium=&#8221;0&#8243; woodmart_hide_small=&#8221;0&#8243; woodmart_hide_extra_small=&#8221;0&#8243;][vc_row_inner][vc_column_inner width=&#8221;1\/4&#8243;][\/vc_column_inner][vc_column_inner width=&#8221;1\/2&#8243;]\t\t\t<link rel=\"stylesheet\" id=\"wd-responsive-text-css\" href=\"https:\/\/malhinter.com\/wp-content\/themes\/woodmart\/css\/parts\/el-responsive-text.min.css?ver=7.4.3\" type=\"text\/css\" media=\"all\" \/> \t\t\t\t\t\t<div id=\"wd-5f205a11b9e0a\" class=\"wd-text-block-wrapper wd-wpb wd-rs-5f205a11b9e0a color-scheme- text-center vc_custom_1595955873382\">\n\t\t\t\t<div class=\"woodmart-title-container woodmart-text-block reset-last-child font-primary wd-font-weight- \">\n\t\t\t\t\t<\/p>\n<h3 style=\"text-align: center;\"><span style=\"color: #523573;\">Certifica\u00e7\u00f5es e \u00c9tica Econ\u00f3mica &amp; Social<\/span><\/h3>\n<p>\t\t\t\t<\/div>\n\n\t\t\t\t\t\t\t<\/div>\n\t\t[vc_column_text text_larger=&#8221;no&#8221; woodmart_inline=&#8221;no&#8221;]<\/p>\n<p style=\"text-align: center;\">A Malhinter assume-se como uma empresa respons\u00e1vel com uma forte componente social. Como tal, \u00e9 atrav\u00e9s das v\u00e1rias certifica\u00e7\u00f5es que possu\u00edmos, bem como o nosso know-how e qualidade, que constru\u00edmos o nosso nome e imagem no mercado.<\/p>\n<p>[\/vc_column_text]\t\t\t<div id=\"wd-66fd6b5df0926\" class=\"wd-text-block-wrapper wd-wpb wd-rs-66fd6b5df0926 color-scheme- text-center \">\n\t\t\t\t<div class=\"woodmart-title-container woodmart-text-block reset-last-child font-primary wd-font-weight- wd-fontsize-l\">\n\t\t\t\t\t<\/p>\n<h5 style=\"text-align: center;\"><span style=\"color: #523573;\">Certificados por Ecocert GreenLife<\/span><\/h5>\n<p>&nbsp;\t\t\t\t<\/div>\n\n\t\t\t\t\t\t\t<\/div>\n\t\t[vc_column_text woodmart_inline=&#8221;no&#8221; text_larger=&#8221;no&#8221; css=&#8221;.vc_custom_1728395676925{margin-top: -50px !important;}&#8221;]<\/p>\n<p style=\"text-align: center;\"><strong>Licen\u00e7a n\u00ba 271970<\/strong><br \/>\n<strong>ID Textile Exchange N\u00ba TE-00036937<\/strong><\/p>\n<p>[\/vc_column_text][\/vc_column_inner][vc_column_inner width=&#8221;1\/4&#8243;][\/vc_column_inner][\/vc_row_inner][vc_empty_space height=&#8221;100px&#8221; woodmart_hide_large=&#8221;0&#8243; woodmart_hide_medium=&#8221;0&#8243; woodmart_hide_small=&#8221;0&#8243; woodmart_hide_extra_small=&#8221;0&#8243;][vc_row_inner content_placement=&#8221;middle&#8221; row_reverse_mobile=&#8221;0&#8243; row_reverse_tablet=&#8221;0&#8243;][vc_column_inner width=&#8221;1\/4&#8243;][vc_single_image image=&#8221;4071&#8243; img_size=&#8221;medium&#8221; alignment=&#8221;center&#8221; parallax_scroll=&#8221;no&#8221; woodmart_inline=&#8221;no&#8221;][\/vc_column_inner][vc_column_inner width=&#8221;1\/4&#8243;][vc_single_image image=&#8221;4116&#8243; img_size=&#8221;medium&#8221; alignment=&#8221;center&#8221; parallax_scroll=&#8221;no&#8221; woodmart_inline=&#8221;no&#8221;][\/vc_column_inner][vc_column_inner width=&#8221;1\/4&#8243;][vc_single_image image=&#8221;4118&#8243; img_size=&#8221;medium&#8221; alignment=&#8221;center&#8221; parallax_scroll=&#8221;no&#8221; woodmart_inline=&#8221;no&#8221;][\/vc_column_inner][vc_column_inner width=&#8221;1\/4&#8243;][vc_single_image image=&#8221;4122&#8243; img_size=&#8221;medium&#8221; alignment=&#8221;center&#8221; parallax_scroll=&#8221;no&#8221; woodmart_inline=&#8221;no&#8221;][\/vc_column_inner][\/vc_row_inner][vc_empty_space height=&#8221;20px&#8221; woodmart_hide_large=&#8221;0&#8243; woodmart_hide_medium=&#8221;0&#8243; woodmart_hide_small=&#8221;0&#8243; woodmart_hide_extra_small=&#8221;0&#8243;][vc_row_inner content_placement=&#8221;middle&#8221; row_reverse_mobile=&#8221;0&#8243; row_reverse_tablet=&#8221;0&#8243;][vc_column_inner width=&#8221;1\/4&#8243;][vc_single_image image=&#8221;4082&#8243; img_size=&#8221;medium&#8221; alignment=&#8221;center&#8221; parallax_scroll=&#8221;no&#8221;][\/vc_column_inner][vc_column_inner width=&#8221;1\/4&#8243;][vc_single_image image=&#8221;4077&#8243; img_size=&#8221;medium&#8221; alignment=&#8221;center&#8221; parallax_scroll=&#8221;no&#8221;][\/vc_column_inner][vc_column_inner width=&#8221;1\/4&#8243;][vc_single_image image=&#8221;4079&#8243; img_size=&#8221;medium&#8221; alignment=&#8221;center&#8221; parallax_scroll=&#8221;no&#8221;][\/vc_column_inner][vc_column_inner width=&#8221;1\/4&#8243;][vc_single_image image=&#8221;4063&#8243; img_size=&#8221;medium&#8221; alignment=&#8221;center&#8221; parallax_scroll=&#8221;no&#8221;][\/vc_column_inner][\/vc_row_inner][vc_empty_space height=&#8221;75px&#8221; woodmart_hide_large=&#8221;0&#8243; woodmart_hide_medium=&#8221;0&#8243; woodmart_hide_small=&#8221;0&#8243; woodmart_hide_extra_small=&#8221;0&#8243;][\/vc_column][\/vc_row][vc_row full_width=&#8221;stretch_row&#8221; mobile_bg_img_hidden=&#8221;no&#8221; tablet_bg_img_hidden=&#8221;no&#8221; woodmart_parallax=&#8221;1&#8243; woodmart_gradient_switch=&#8221;no&#8221; row_reverse_mobile=&#8221;0&#8243; row_reverse_tablet=&#8221;0&#8243; woodmart_disable_overflow=&#8221;0&#8243; css=&#8221;.vc_custom_1594391802723{background-image: url(https:\/\/malhinter.com\/wp-content\/uploads\/2020\/07\/DSC_3483.jpg?id=3007) !important;background-position: center !important;background-repeat: no-repeat !important;background-size: cover !important;}&#8221;][vc_column][vc_row_inner][vc_column_inner][vc_empty_space height=&#8221;100px&#8221; woodmart_hide_large=&#8221;0&#8243; woodmart_hide_medium=&#8221;0&#8243; woodmart_hide_small=&#8221;0&#8243; woodmart_hide_extra_small=&#8221;0&#8243;]\t\t\t<div id=\"wd-5f205acdc91e4\" class=\"wd-text-block-wrapper wd-wpb wd-rs-5f205acdc91e4 color-scheme- text-center \">\n\t\t\t\t<div class=\"woodmart-title-container woodmart-text-block reset-last-child font-primary wd-font-weight- \">\n\t\t\t\t\t<\/p>\n<h3 style=\"text-align: center;\"><span style=\"color: #ffffff;\"><strong>\u201cAbra os bra\u00e7os para mudar, mas n\u00e3o deixe de lado os seus valores\u201d<\/strong><\/span><\/h3>\n<h3 style=\"text-align: center;\"><span style=\"color: #ffffff;\">Dalai Lama<\/span><\/h3>\n<p>\t\t\t\t<\/div>\n\n\t\t\t\t\t\t\t<\/div>\n\t\t[vc_empty_space height=&#8221;100px&#8221; woodmart_hide_large=&#8221;0&#8243; woodmart_hide_medium=&#8221;0&#8243; woodmart_hide_small=&#8221;0&#8243; woodmart_hide_extra_small=&#8221;0&#8243;][\/vc_column_inner][\/vc_row_inner][\/vc_column][\/vc_row][vc_row][vc_column][vc_row_inner][vc_column_inner][vc_empty_space height=&#8221;75px&#8221; woodmart_hide_large=&#8221;0&#8243; woodmart_hide_medium=&#8221;0&#8243; woodmart_hide_small=&#8221;0&#8243; woodmart_hide_extra_small=&#8221;0&#8243;][\/vc_column_inner][\/vc_row_inner][vc_row_inner][vc_column_inner width=&#8221;1\/3&#8243;]\t\t\t<div id=\"wd-5f109ce319dfd\" class=\"wd-text-block-wrapper wd-wpb wd-rs-5f109ce319dfd color-scheme- text-left vc_custom_1594924312705\">\n\t\t\t\t<div class=\"woodmart-title-container woodmart-text-block reset-last-child font-primary wd-font-weight- \">\n\t\t\t\t\t<\/p>\n<h3><span style=\"color: #523573;\">Malhinter &#8211; um passo de confian\u00e7a!<\/span><\/h3>\n<p>\t\t\t\t<\/div>\n\n\t\t\t\t\t\t\t<\/div>\n\t\t[\/vc_column_inner][vc_column_inner width=&#8221;1\/3&#8243;][vc_column_text text_larger=&#8221;no&#8221;]Temos orgulho em contribuir para a \u201cNOT FOR SALE\u201d, uma organiza\u00e7\u00e3o moderna que opera em 12 pa\u00edses em todo o mundo, combatendo a escravid\u00e3o e a explora\u00e7\u00e3o modernas.<\/p>\n<p>Com muito trabalho, esp\u00edrito de equipa e ambi\u00e7\u00e3o de ir al\u00e9m, a Malhinter agora \u00e9 membro da BCI (Better Cotton Initiative), que caracteriza a nossa empresa como EcoFriendly, o que reduz significativamente o impacto ambiental. Assim, esfor\u00e7amo-nos para o fabrico sustent\u00e1vel e ambientalmente amig\u00e1vel.[\/vc_column_text][\/vc_column_inner][vc_column_inner width=&#8221;1\/3&#8243;][vc_column_text text_larger=&#8221;no&#8221;]Por fim, tamb\u00e9m temos orgulho de ser membros oficiais da \u201cSedex\u201d, lar de uma das maiores plataformas colaborativas do mundo para compartilhar dados de fornecimento respons\u00e1vel nas cadeias de assist\u00eancia, usados por mais de 55.000 membros. Tamb\u00e9m somos auditorados pelo SMETA (Auditoria de Com\u00e9rcio \u00c9tico dos Membros da Sedex), um dos formatos de auditoria \u00e9tica mais utilizados no mundo.[\/vc_column_text][\/vc_column_inner][\/vc_row_inner][vc_row_inner][vc_column_inner][vc_empty_space height=&#8221;75px&#8221; woodmart_hide_large=&#8221;0&#8243; woodmart_hide_medium=&#8221;0&#8243; woodmart_hide_small=&#8221;0&#8243; woodmart_hide_extra_small=&#8221;0&#8243;][\/vc_column_inner][\/vc_row_inner][\/vc_column][\/vc_row][vc_row full_width=&#8221;stretch_row&#8221; css=&#8221;.vc_custom_1594650528100{margin-bottom: -50px !important;background-color: #4d2d75 !important;}&#8221; mobile_bg_img_hidden=&#8221;no&#8221; tablet_bg_img_hidden=&#8221;no&#8221; woodmart_parallax=&#8221;0&#8243; woodmart_gradient_switch=&#8221;no&#8221; row_reverse_mobile=&#8221;0&#8243; row_reverse_tablet=&#8221;0&#8243; woodmart_disable_overflow=&#8221;0&#8243;][vc_column][vc_row_inner][vc_column_inner][vc_empty_space height=&#8221;50px&#8221; woodmart_hide_large=&#8221;0&#8243; woodmart_hide_medium=&#8221;0&#8243; woodmart_hide_small=&#8221;0&#8243; woodmart_hide_extra_small=&#8221;0&#8243;][\/vc_column_inner][\/vc_row_inner][vc_row_inner][vc_column_inner width=&#8221;1\/2&#8243;]\t\t\t<div id=\"wd-5f08808b88ef7\" class=\"wd-text-block-wrapper wd-wpb wd-rs-5f08808b88ef7 color-scheme- text-center \">\n\t\t\t\t<div class=\"woodmart-title-container woodmart-text-block reset-last-child font-primary wd-font-weight- \">\n\t\t\t\t\t<\/p>\n<h3 style=\"text-align: left;\"><span style=\"color: #ffffff;\">clothes for the world<\/span><\/h3>\n<p>\t\t\t\t<\/div>\n\n\t\t\t\t\t\t\t<\/div>\n\t\t[\/vc_column_inner][vc_column_inner width=&#8221;1\/2&#8243;]<div id=\"wd-5f2990a0b3037\" class=\" wd-rs-5f2990a0b3037  wd-button-wrapper text-center\"><a href=\"https:\/\/malhinter.com\/contactos\/?lang=pt-pt\" title=\"\" class=\"btn btn-color-white btn-style-bordered btn-style-rectangle btn-size-default\">CONTACTE-NOS<\/a><\/div>[\/vc_column_inner][\/vc_row_inner][vc_row_inner][vc_column_inner][vc_empty_space height=&#8221;50px&#8221; woodmart_hide_large=&#8221;0&#8243; woodmart_hide_medium=&#8221;0&#8243; woodmart_hide_small=&#8221;0&#8243; woodmart_hide_extra_small=&#8221;0&#8243;][\/vc_column_inner][\/vc_row_inner][\/vc_column][\/vc_row]<\/p>\n<\/div>","protected":false},"excerpt":{"rendered":"<p>[vc_row][vc_column][vc_empty_space height=&#8221;75px&#8221; woodmart_hide_large=&#8221;0&#8243; woodmart_hide_medium=&#8221;0&#8243; woodmart_hide_small=&#8221;0&#8243; woodmart_hide_extra_small=&#8221;0&#8243;][vc_row_inner][vc_column_inner width=&#8221;1\/4&#8243;][\/vc_column_inner][vc_column_inner width=&#8221;1\/2&#8243;][vc_column_text text_larger=&#8221;no&#8221; woodmart_inline=&#8221;no&#8221;] A Malhinter assume-se como uma empresa respons\u00e1vel com uma forte<\/p>\n","protected":false},"author":1,"featured_media":0,"parent":0,"menu_order":0,"comment_status":"closed","ping_status":"closed","template":"","meta":{"footnotes":""},"yoast_head":"<!-- This site is optimized with the Yoast SEO plugin v22.0 - https:\/\/yoast.com\/wordpress\/plugins\/seo\/ -->\n<title>certifica\u00e7\u00e3o - Malhinter<\/title>\n<meta name=\"robots\" content=\"index, follow, max-snippet:-1, max-image-preview:large, max-video-preview:-1\" \/>\n<link rel=\"canonical\" href=\"https:\/\/malhinter.com\/pt-pt\/certificacao\/\" \/>\n<meta property=\"og:locale\" content=\"pt_PT\" \/>\n<meta property=\"og:type\" content=\"article\" \/>\n<meta property=\"og:title\" content=\"certifica\u00e7\u00e3o - Malhinter\" \/>\n<meta property=\"og:description\" content=\"[vc_row][vc_column][vc_empty_space height=&#8221;75px&#8221; woodmart_hide_large=&#8221;0&#8243; woodmart_hide_medium=&#8221;0&#8243; woodmart_hide_small=&#8221;0&#8243; woodmart_hide_extra_small=&#8221;0&#8243;][vc_row_inner][vc_column_inner width=&#8221;1\/4&#8243;][\/vc_column_inner][vc_column_inner width=&#8221;1\/2&#8243;][vc_column_text text_larger=&#8221;no&#8221; woodmart_inline=&#8221;no&#8221;] A Malhinter assume-se como uma empresa respons\u00e1vel com uma forte\" \/>\n<meta property=\"og:url\" content=\"https:\/\/malhinter.com\/pt-pt\/certificacao\/\" \/>\n<meta property=\"og:site_name\" content=\"Malhinter\" \/>\n<meta property=\"article:modified_time\" content=\"2024-10-08T13:54:46+00:00\" \/>\n<meta name=\"twitter:card\" content=\"summary_large_image\" \/>\n<meta name=\"twitter:label1\" content=\"Tempo estimado de leitura\" \/>\n\t<meta name=\"twitter:data1\" content=\"6 minutos\" \/>\n<script type=\"application\/ld+json\" class=\"yoast-schema-graph\">{\"@context\":\"https:\/\/schema.org\",\"@graph\":[{\"@type\":\"WebPage\",\"@id\":\"https:\/\/malhinter.com\/pt-pt\/certificacao\/\",\"url\":\"https:\/\/malhinter.com\/pt-pt\/certificacao\/\",\"name\":\"certifica\u00e7\u00e3o - Malhinter\",\"isPartOf\":{\"@id\":\"https:\/\/malhinter.com\/pt-pt\/#website\"},\"datePublished\":\"2020-08-03T16:12:40+00:00\",\"dateModified\":\"2024-10-08T13:54:46+00:00\",\"breadcrumb\":{\"@id\":\"https:\/\/malhinter.com\/pt-pt\/certificacao\/#breadcrumb\"},\"inLanguage\":\"pt-PT\",\"potentialAction\":[{\"@type\":\"ReadAction\",\"target\":[\"https:\/\/malhinter.com\/pt-pt\/certificacao\/\"]}]},{\"@type\":\"BreadcrumbList\",\"@id\":\"https:\/\/malhinter.com\/pt-pt\/certificacao\/#breadcrumb\",\"itemListElement\":[{\"@type\":\"ListItem\",\"position\":1,\"name\":\"Home\",\"item\":\"https:\/\/malhinter.com\/pt-pt\/\"},{\"@type\":\"ListItem\",\"position\":2,\"name\":\"certifica\u00e7\u00e3o\"}]},{\"@type\":\"WebSite\",\"@id\":\"https:\/\/malhinter.com\/pt-pt\/#website\",\"url\":\"https:\/\/malhinter.com\/pt-pt\/\",\"name\":\"Malhinter\",\"description\":\"Clothes for the World\",\"potentialAction\":[{\"@type\":\"SearchAction\",\"target\":{\"@type\":\"EntryPoint\",\"urlTemplate\":\"https:\/\/malhinter.com\/pt-pt\/?s={search_term_string}\"},\"query-input\":\"required name=search_term_string\"}],\"inLanguage\":\"pt-PT\"}]}<\/script>\n<!-- \/ Yoast SEO plugin. -->","yoast_head_json":{"title":"certifica\u00e7\u00e3o - Malhinter","robots":{"index":"index","follow":"follow","max-snippet":"max-snippet:-1","max-image-preview":"max-image-preview:large","max-video-preview":"max-video-preview:-1"},"canonical":"https:\/\/malhinter.com\/pt-pt\/certificacao\/","og_locale":"pt_PT","og_type":"article","og_title":"certifica\u00e7\u00e3o - Malhinter","og_description":"[vc_row][vc_column][vc_empty_space height=&#8221;75px&#8221; woodmart_hide_large=&#8221;0&#8243; woodmart_hide_medium=&#8221;0&#8243; woodmart_hide_small=&#8221;0&#8243; woodmart_hide_extra_small=&#8221;0&#8243;][vc_row_inner][vc_column_inner width=&#8221;1\/4&#8243;][\/vc_column_inner][vc_column_inner width=&#8221;1\/2&#8243;][vc_column_text text_larger=&#8221;no&#8221; woodmart_inline=&#8221;no&#8221;] A Malhinter assume-se como uma empresa respons\u00e1vel com uma forte","og_url":"https:\/\/malhinter.com\/pt-pt\/certificacao\/","og_site_name":"Malhinter","article_modified_time":"2024-10-08T13:54:46+00:00","twitter_card":"summary_large_image","twitter_misc":{"Tempo estimado de leitura":"6 minutos"},"schema":{"@context":"https:\/\/schema.org","@graph":[{"@type":"WebPage","@id":"https:\/\/malhinter.com\/pt-pt\/certificacao\/","url":"https:\/\/malhinter.com\/pt-pt\/certificacao\/","name":"certifica\u00e7\u00e3o - Malhinter","isPartOf":{"@id":"https:\/\/malhinter.com\/pt-pt\/#website"},"datePublished":"2020-08-03T16:12:40+00:00","dateModified":"2024-10-08T13:54:46+00:00","breadcrumb":{"@id":"https:\/\/malhinter.com\/pt-pt\/certificacao\/#breadcrumb"},"inLanguage":"pt-PT","potentialAction":[{"@type":"ReadAction","target":["https:\/\/malhinter.com\/pt-pt\/certificacao\/"]}]},{"@type":"BreadcrumbList","@id":"https:\/\/malhinter.com\/pt-pt\/certificacao\/#breadcrumb","itemListElement":[{"@type":"ListItem","position":1,"name":"Home","item":"https:\/\/malhinter.com\/pt-pt\/"},{"@type":"ListItem","position":2,"name":"certifica\u00e7\u00e3o"}]},{"@type":"WebSite","@id":"https:\/\/malhinter.com\/pt-pt\/#website","url":"https:\/\/malhinter.com\/pt-pt\/","name":"Malhinter","description":"Clothes for the World","potentialAction":[{"@type":"SearchAction","target":{"@type":"EntryPoint","urlTemplate":"https:\/\/malhinter.com\/pt-pt\/?s={search_term_string}"},"query-input":"required name=search_term_string"}],"inLanguage":"pt-PT"}]}},"_links":{"self":[{"href":"https:\/\/malhinter.com\/pt-pt\/wp-json\/wp\/v2\/pages\/3357"}],"collection":[{"href":"https:\/\/malhinter.com\/pt-pt\/wp-json\/wp\/v2\/pages"}],"about":[{"href":"https:\/\/malhinter.com\/pt-pt\/wp-json\/wp\/v2\/types\/page"}],"author":[{"embeddable":true,"href":"https:\/\/malhinter.com\/pt-pt\/wp-json\/wp\/v2\/users\/1"}],"replies":[{"embeddable":true,"href":"https:\/\/malhinter.com\/pt-pt\/wp-json\/wp\/v2\/comments?post=3357"}],"version-history":[{"count":10,"href":"https:\/\/malhinter.com\/pt-pt\/wp-json\/wp\/v2\/pages\/3357\/revisions"}],"predecessor-version":[{"id":4125,"href":"https:\/\/malhinter.com\/pt-pt\/wp-json\/wp\/v2\/pages\/3357\/revisions\/4125"}],"wp:attachment":[{"href":"https:\/\/malhinter.com\/pt-pt\/wp-json\/wp\/v2\/media?parent=3357"}],"curies":[{"name":"wp","href":"https:\/\/api.w.org\/{rel}","templated":true}]}}